{"id":10289,"date":"2025-01-19T16:40:54","date_gmt":"2025-01-19T16:40:54","guid":{"rendered":"https:\/\/212hertz.com\/?page_id=10289"},"modified":"2025-01-22T19:59:04","modified_gmt":"2025-01-22T19:59:04","slug":"faq","status":"publish","type":"page","link":"https:\/\/212hertz.com\/en\/faq\/","title":{"rendered":"FAQ"},"content":{"rendered":"<p>[et_pb_section fb_built=\u00a0\u00bb1&Prime; admin_label=\u00a0\u00bbFAQ\u00a0\u00bb module_id=\u00a0\u00bbFAQ\u00a0\u00bb _builder_version=\u00a0\u00bb4.27.4&Prime; _module_preset=\u00a0\u00bbdefault\u00a0\u00bb background_color=\u00a0\u00bb#000000&Prime; background_enable_image=\u00a0\u00bboff\u00a0\u00bb parallax=\u00a0\u00bbon\u00a0\u00bb custom_padding=\u00a0\u00bb29px|||||\u00a0\u00bb collapsed=\u00a0\u00bbon\u00a0\u00bb global_colors_info=\u00a0\u00bb{}\u00a0\u00bb][et_pb_row _builder_version=\u00a0\u00bb4.23.1&Prime; _module_preset=\u00a0\u00bbdefault\u00a0\u00bb max_width=\u00a0\u00bb600px\u00a0\u00bb global_colors_info=\u00a0\u00bb{}\u00a0\u00bb][et_pb_column type=\u00a0\u00bb4_4&Prime; _builder_version=\u00a0\u00bb4.23.1&Prime; _module_preset=\u00a0\u00bbdefault\u00a0\u00bb global_colors_info=\u00a0\u00bb{}\u00a0\u00bb][et_pb_text _builder_version=\u00a0\u00bb4.27.4&Prime; _module_preset=\u00a0\u00bb2c693e30-6d40-47fe-bfd5-705132a3ed9c\u00a0\u00bb header_2_font=\u00a0\u00bbAnton|700|||||||\u00a0\u00bb header_2_text_color=\u00a0\u00bb#FFFFFF\u00a0\u00bb header_2_font_size=\u00a0\u00bb67px\u00a0\u00bb text_orientation=\u00a0\u00bbcenter\u00a0\u00bb custom_margin=\u00a0\u00bb||10px||false|false\u00a0\u00bb header_2_font_size_phone=\u00a0\u00bb45px\u00a0\u00bb global_colors_info=\u00a0\u00bb{}\u00a0\u00bb]<\/p>\n<h2>FAQ<\/h2>\n<p>[\/et_pb_text][et_pb_accordion open_toggle_background_color=\u00a0\u00bbRGBA(255,255,255,0)\u00a0\u00bb closed_toggle_background_color=\u00a0\u00bbRGBA(255,255,255,0)\u00a0\u00bb icon_color=\u00a0\u00bb#FFFFFF\u00a0\u00bb _builder_version=\u00a0\u00bb4.27.4&Prime; _module_preset=\u00a0\u00bb75ccef8e-97c6-4dd9-b5ab-02cb39f85878&Prime; toggle_text_color=\u00a0\u00bb#FFFFFF\u00a0\u00bb toggle_font=\u00a0\u00bbAnton|700|||||||\u00a0\u00bb toggle_font_size=\u00a0\u00bb36px\u00a0\u00bb toggle_line_height=\u00a0\u00bb1.4em\u00a0\u00bb closed_toggle_font=\u00a0\u00bbPoppins|800||on|||||\u00a0\u00bb closed_toggle_font_size=\u00a0\u00bb21px\u00a0\u00bb body_font=\u00a0\u00bbPoppins||||||||\u00a0\u00bb body_text_color=\u00a0\u00bbrgba(255,255,255,0.7)\u00a0\u00bb body_font_size=\u00a0\u00bb16px\u00a0\u00bb body_line_height=\u00a0\u00bb1.8em\u00a0\u00bb background_enable_color=\u00a0\u00bboff\u00a0\u00bb custom_margin=\u00a0\u00bb|-175px||-175px|false|true\u00a0\u00bb custom_margin_tablet=\u00a0\u00bb|-175px||-175px|false|true\u00a0\u00bb custom_margin_phone=\u00a0\u00bb|-17px||-17px|false|true\u00a0\u00bb custom_margin_last_edited=\u00a0\u00bbon|desktop\u00a0\u00bb custom_padding=\u00a0\u00bb||||false|false\u00a0\u00bb toggle_font_size_tablet=\u00a0\u00bb16px\u00a0\u00bb toggle_font_size_phone=\u00a0\u00bb20px\u00a0\u00bb toggle_font_size_last_edited=\u00a0\u00bbon|desktop\u00a0\u00bb closed_toggle_font_size_tablet=\u00a0\u00bb21px\u00a0\u00bb closed_toggle_font_size_phone=\u00a0\u00bb16px\u00a0\u00bb closed_toggle_font_size_last_edited=\u00a0\u00bbon|desktop\u00a0\u00bb body_font_size_tablet=\u00a0\u00bb15px\u00a0\u00bb body_font_size_phone=\u00a0\u00bb15px\u00a0\u00bb body_font_size_last_edited=\u00a0\u00bbon|desktop\u00a0\u00bb border_width_all=\u00a0\u00bb0px\u00a0\u00bb border_width_bottom=\u00a0\u00bb1px\u00a0\u00bb border_color_bottom=\u00a0\u00bbrgba(255,255,255,0.24)\u00a0\u00bb locked=\u00a0\u00bboff\u00a0\u00bb global_colors_info=\u00a0\u00bb{%22gcid-c389346f-c7fc-4257-bd7f-fcd8e4ff1304%22:%91%22meta_text_color%22,%22meta_text_color%22,%22meta_text_color%22%93}\u00a0\u00bb][et_pb_accordion_item title=\u00a0\u00bbQu&rsquo;est-ce que +212Hertz ?\u00a0\u00bb _builder_version=\u00a0\u00bb4.27.4&Prime; _module_preset=\u00a0\u00bbdefault\u00a0\u00bb custom_padding=\u00a0\u00bb|0px||0px|false|true\u00a0\u00bb global_colors_info=\u00a0\u00bb{}\u00a0\u00bb open=\u00a0\u00bboff\u00a0\u00bb]<\/p>\n<p>+212Hertz est une plateforme d\u00e9di\u00e9e aux artistes ind\u00e9pendants, offrant des services complets de coaching individuel, promotion marketing, relation presse, cr\u00e9ation de site web \u00a0et service de booking Artiste pour les aider \u00e0 maximiser leur visibilit\u00e9 et \u00e0 r\u00e9ussir dans l&rsquo;industrie musicale.<\/p>\n<p>[\/et_pb_accordion_item][et_pb_accordion_item title=\u00a0\u00bbQuels services propose +212Hertz\u00a0\u00bb _builder_version=\u00a0\u00bb4.27.2&Prime; _module_preset=\u00a0\u00bbdefault\u00a0\u00bb custom_padding=\u00a0\u00bb|0px||0px|false|true\u00a0\u00bb hover_enabled=\u00a0\u00bb0&Prime; global_colors_info=\u00a0\u00bb{}\u00a0\u00bb open=\u00a0\u00bbon\u00a0\u00bb sticky_enabled=\u00a0\u00bb0&Prime;]<\/p>\n<p>Nous proposons une gamme de services incluant :<\/p>\n<ul>\n<li><strong>Accompagnement personnalis\u00e9<\/strong> (branding, strat\u00e9gie SEO, cr\u00e9ation de contenu).<\/li>\n<li><strong>Campagnes publicitaires cibl\u00e9es<\/strong> (Spotify, YouTube, Apple Music, Meta Ads, TikTok Ads).<\/li>\n<li><strong>Cr\u00e9ation de sites web professionnels.<\/strong><\/li>\n<li><strong>Promotion via la presse et les m\u00e9dias.<\/strong><\/li>\n<li><strong>Coaching artistique et d\u00e9veloppement de carri\u00e8re.<\/strong><\/li>\n<\/ul>\n<p>[\/et_pb_accordion_item][et_pb_accordion_item title=\u00a0\u00bbComment TuneLift peut-il m&rsquo;aider \u00e0 promouvoir ma musique ? \u00a0\u00bb _builder_version=\u00a0\u00bb4.27.2&Prime; _module_preset=\u00a0\u00bbdefault\u00a0\u00bb custom_padding=\u00a0\u00bb|0px||0px|false|true\u00a0\u00bb global_colors_info=\u00a0\u00bb{}\u00a0\u00bb open=\u00a0\u00bboff\u00a0\u00bb]<\/p>\n<p><span>Nous utilisons des strat\u00e9gies de marketing digital avanc\u00e9es pour cibler votre audience id\u00e9ale, am\u00e9liorer votre pr\u00e9sence en ligne et augmenter vos engagements. Nos services incluent la configuration de campagnes publicitaires, l&rsquo;optimisation SEO, et la promotion sur diverses plateformes de streaming et r\u00e9seaux sociaux.<\/span><\/p>\n<p>[\/et_pb_accordion_item][et_pb_accordion_item title=\u00a0\u00bbPourquoi choisir +212Hertz plut\u00f4t qu&rsquo;une autre agence de promotion ?\u00a0\u00bb _builder_version=\u00a0\u00bb4.27.2&Prime; _module_preset=\u00a0\u00bbdefault\u00a0\u00bb custom_padding=\u00a0\u00bb|0px||0px|false|true\u00a0\u00bb global_colors_info=\u00a0\u00bb{}\u00a0\u00bb open=\u00a0\u00bboff\u00a0\u00bb]<\/p>\n<p><span>+212Hertz se distingue par son approche personnalis\u00e9e, son expertise dans l&rsquo;industrie musicale, et son engagement envers le succ\u00e8s de chaque artiste. Nous offrons un accompagnement complet et adapt\u00e9 \u00e0 vos besoins sp\u00e9cifiques, en vous aidant \u00e0 naviguer dans le paysage complexe de la promotion musicale.<\/span><\/p>\n<p>[\/et_pb_accordion_item][et_pb_accordion_item title=\u00a0\u00bbQuels sont les avantages d&rsquo;une campagne publicitaire cibl\u00e9e avec +212Hertz ?\u00a0\u00bb _builder_version=\u00a0\u00bb4.27.2&Prime; _module_preset=\u00a0\u00bbdefault\u00a0\u00bb custom_padding=\u00a0\u00bb|0px||0px|false|true\u00a0\u00bb global_colors_info=\u00a0\u00bb{}\u00a0\u00bb open=\u00a0\u00bboff\u00a0\u00bb]<\/p>\n<p><span>Les campagnes publicitaires cibl\u00e9es augmentent votre visibilit\u00e9, atteignent un public sp\u00e9cifique et maximisent les interactions avec votre musique. Nous analysons et optimisons chaque campagne pour garantir les meilleurs r\u00e9sultats possibles.<\/span><\/p>\n<p>[\/et_pb_accordion_item][et_pb_accordion_item title=\u00a0\u00bbComment fonctionne le coaching individuel d&rsquo;artiste chez +212Hertz ?\u00a0\u00bb _builder_version=\u00a0\u00bb4.27.2&Prime; _module_preset=\u00a0\u00bbdefault\u00a0\u00bb custom_padding=\u00a0\u00bb|0px||0px|false|true\u00a0\u00bb global_colors_info=\u00a0\u00bb{}\u00a0\u00bb open=\u00a0\u00bboff\u00a0\u00bb]<\/p>\n<p><span>Notre coaching individuel vous aide \u00e0 d\u00e9finir votre identit\u00e9 artistique, d\u00e9velopper une strat\u00e9gie de marketing efficace, cr\u00e9er du contenu engageant et optimiser vos interactions sur les r\u00e9seaux sociaux. Chaque \u00e9tape est con\u00e7ue pour propulser votre carri\u00e8re musicale \u00e0 un niveau sup\u00e9rieur.<\/span><\/p>\n<p>[\/et_pb_accordion_item][et_pb_accordion_item title=\u00a0\u00bbQuels sont les co\u00fbts des services de +212Hertz ?\u00a0\u00bb _builder_version=\u00a0\u00bb4.27.2&Prime; _module_preset=\u00a0\u00bbdefault\u00a0\u00bb custom_padding=\u00a0\u00bb|0px||0px|false|true\u00a0\u00bb global_colors_info=\u00a0\u00bb{}\u00a0\u00bb open=\u00a0\u00bboff\u00a0\u00bb]<\/p>\n<p><span>Les co\u00fbts varient en fonction des services choisis. Nous proposons des packs adapt\u00e9s \u00e0 diff\u00e9rents besoins et budgets. Pour plus de d\u00e9tails, veuillez consulter la section tarifs sur notre site web ou nous contacter directement.<\/span><\/p>\n<p>[\/et_pb_accordion_item][et_pb_accordion_item title=\u00a0\u00bbComment puis-je commencer avec +212Hertz ?\u00a0\u00bb open=\u00a0\u00bboff\u00a0\u00bb _builder_version=\u00a0\u00bb4.27.2&Prime; _module_preset=\u00a0\u00bbdefault\u00a0\u00bb custom_padding=\u00a0\u00bb|0px||0px|false|true\u00a0\u00bb global_colors_info=\u00a0\u00bb{}\u00a0\u00bb]<\/p>\n<p><span>Pour commencer, il vous suffit de prendre un rendez-vous avec un de nos expert ou nous contacter via notre site web ou nos r\u00e9seaux sociaux. Nous discuterons de vos besoins sp\u00e9cifiques et \u00e9tablirons un plan d&rsquo;action personnalis\u00e9 pour vous aider \u00e0 atteindre vos objectifs musicaux.<\/span><\/p>\n<p>[\/et_pb_accordion_item][et_pb_accordion_item title=\u00a0\u00bbQuels types d&rsquo;artistes b\u00e9n\u00e9ficient des services de +212Hertz ?\u00a0\u00bb _builder_version=\u00a0\u00bb4.27.2&Prime; _module_preset=\u00a0\u00bbdefault\u00a0\u00bb custom_padding=\u00a0\u00bb|0px||0px|false|true\u00a0\u00bb global_colors_info=\u00a0\u00bb{}\u00a0\u00bb open=\u00a0\u00bboff\u00a0\u00bb]<\/p>\n<p><span>+212Hertz s&rsquo;adresse \u00e0 tous les artistes ind\u00e9pendants, quels que soient leur genre musical ou leur stade de carri\u00e8re. Que vous d\u00e9butiez ou que vous cherchiez \u00e0 \u00e9largir votre audience, nos services sont con\u00e7us pour vous aider \u00e0 r\u00e9ussir.<\/span><\/p>\n<p>[\/et_pb_accordion_item][\/et_pb_accordion][\/et_pb_column][\/et_pb_row][\/et_pb_section]<\/p>\n","protected":false},"excerpt":{"rendered":"<p>FAQ+212Hertz est une plateforme d\u00e9di\u00e9e aux artistes ind\u00e9pendants, offrant des services complets de coaching individuel, promotion marketing, relation presse, cr\u00e9ation de site web \u00a0et service de booking Artiste pour les aider \u00e0 maximiser leur visibilit\u00e9 et \u00e0 r\u00e9ussir dans l&rsquo;industrie musicale.Nous proposons une gamme de services incluant : Accompagnement personnalis\u00e9 (branding, strat\u00e9gie SEO, cr\u00e9ation de contenu). Campagnes publicitaires cibl\u00e9es (Spotify, YouTube, Apple Music, Meta Ads, TikTok Ads). Cr\u00e9ation de sites web professionnels. Promotion via la presse et les m\u00e9dias. Coaching artistique et d\u00e9veloppement de carri\u00e8re. Nous utilisons des strat\u00e9gies de marketing digital avanc\u00e9es pour cibler votre audience id\u00e9ale, am\u00e9liorer votre pr\u00e9sence en ligne et augmenter vos engagements. Nos services incluent la configuration de campagnes publicitaires, l&rsquo;optimisation SEO, et la promotion sur diverses plateformes de streaming et r\u00e9seaux sociaux.+212Hertz se distingue par son approche personnalis\u00e9e, son expertise dans l&rsquo;industrie musicale, et son engagement envers le succ\u00e8s de chaque artiste. Nous offrons un accompagnement complet et adapt\u00e9 \u00e0 vos besoins sp\u00e9cifiques, en vous aidant \u00e0 naviguer dans le paysage complexe de la promotion musicale.Les campagnes publicitaires cibl\u00e9es augmentent votre visibilit\u00e9, atteignent un public sp\u00e9cifique et maximisent les interactions avec votre musique. Nous analysons et optimisons chaque campagne pour garantir les meilleurs r\u00e9sultats [&hellip;]<\/p>\n","protected":false},"author":1,"featured_media":0,"parent":0,"menu_order":0,"comment_status":"closed","ping_status":"closed","template":"","meta":{"_et_pb_use_builder":"on","_et_pb_old_content":"","_et_gb_content_width":"","footnotes":""},"class_list":["post-10289","page","type-page","status-publish","hentry"],"_links":{"self":[{"href":"https:\/\/212hertz.com\/en\/wp-json\/wp\/v2\/pages\/10289","targetHints":{"allow":["GET"]}}],"collection":[{"href":"https:\/\/212hertz.com\/en\/wp-json\/wp\/v2\/pages"}],"about":[{"href":"https:\/\/212hertz.com\/en\/wp-json\/wp\/v2\/types\/page"}],"author":[{"embeddable":true,"href":"https:\/\/212hertz.com\/en\/wp-json\/wp\/v2\/users\/1"}],"replies":[{"embeddable":true,"href":"https:\/\/212hertz.com\/en\/wp-json\/wp\/v2\/comments?post=10289"}],"version-history":[{"count":7,"href":"https:\/\/212hertz.com\/en\/wp-json\/wp\/v2\/pages\/10289\/revisions"}],"predecessor-version":[{"id":10486,"href":"https:\/\/212hertz.com\/en\/wp-json\/wp\/v2\/pages\/10289\/revisions\/10486"}],"wp:attachment":[{"href":"https:\/\/212hertz.com\/en\/wp-json\/wp\/v2\/media?parent=10289"}],"curies":[{"name":"wp","href":"https:\/\/api.w.org\/{rel}","templated":true}]}}